{"id":2439,"date":"2017-11-12T11:04:03","date_gmt":"2017-11-12T10:04:03","guid":{"rendered":"http:\/\/buergerinitiative-region-staebelow.de\/?page_id=2439"},"modified":"2025-11-08T13:38:56","modified_gmt":"2025-11-08T12:38:56","slug":"impressum","status":"publish","type":"page","link":"http:\/\/heimatverein-staebelow.de\/?page_id=2439","title":{"rendered":"Impressum"},"content":{"rendered":"<p>Angaben gem\u00e4\u00df \u00a7 5 TMG<\/p>\n<p>Vertreten durch:<br \/>\nHeimatverein St\u00e4below e. V.<br \/>\nSchulweg 5<br \/>\n18198 St\u00e4below<br \/>\nTelefon: 038207-776512<\/p>\n<p>E-Mail: heimatverein-staebelow@t-online.de<\/p>\n<p>Technische Umsetzung &amp; Design<br \/>\nRainer Zschoch<\/p>\n<p>Fotonachweis:<br \/>\nRainer Zschoch, Marcus F\u00e4hnrich<\/p>\n<p>Bankverbindung:<br \/>\nOstseesparkasse Rostock<br \/>\nIBAN: DE61 1305 0000 0240 0012 14<br \/>\nSWIFT-BIC: NOLADE21ROS<\/p>\n<p><b><br \/>\nUrheberrecht: <\/b>Die Inhalte dieser Website sind urheberrechtlich gesch\u00fctzt.<\/p>\n<p>Copyright: Rainer Zschoch, Marcus F\u00e4hnrich. Alle Rechte vorbehalten. Alle Texte, Bilder, Grafiken, Ton-, Video- und Animationsdateien sowie ihre Arrangements unterliegen dem Urheberrecht und anderen Gesetzen zum Schutz geistigen Eigentums. Sie d\u00fcrfen weder f\u00fcr Handelszwecke oder zur Weitergabe kopiert, noch ver\u00e4ndert oder in anderen digitalen\/ Printmedien ohne Genehmigung verwendet werden.<\/p>\n<p>Die Verwertung und Vervielf\u00e4ltigung ist nur mit Zustimmung des Inhabers zul\u00e4ssig.<\/p>\n<p><strong>Haftungsausschluss:<\/strong><\/p>\n<p>Haftung f\u00fcr Inhalte<\/p>\n<p>Die Inhalte unserer Seiten wurden mit gr\u00f6\u00dfter Sorgfalt erstellt. F\u00fcr die Richtigkeit, Vollst\u00e4ndigkeit und Aktualit\u00e4t der Inhalte k\u00f6nnen wir jedoch keine Gew\u00e4hr \u00fcbernehmen. Als Diensteanbieter sind wir gem\u00e4\u00df \u00a7 7 Abs.1 TMG f\u00fcr eigene Inhalte auf diesen Seiten nach den allgemeinen Gesetzen verantwortlich. Nach \u00a7\u00a7 8 bis 10 TMG sind wir als Diensteanbieter jedoch nicht verpflichtet, \u00fcbermittelte oder gespeicherte fremde Informationen zu \u00fcberwachen oder nach Umst\u00e4nden zu forschen, die auf eine rechtswidrige T\u00e4tigkeit hinweisen. Verpflichtungen zur Entfernung oder Sperrung der Nutzung von Informationen nach den allgemeinen Gesetzen bleiben hiervon unber\u00fchrt. Eine diesbez\u00fcgliche Haftung ist jedoch erst ab dem Zeitpunkt der Kenntnis einer konkreten Rechtsverletzung m\u00f6glich. Bei Bekanntwerden von entsprechenden Rechtsverletzungen werden wir diese Inhalte umgehend entfernen.<\/p>\n<p>Haftung f\u00fcr Links<\/p>\n<p>Unser Angebot enth\u00e4lt Links zu externen Webseiten Dritter, auf deren Inhalte wir keinen Einfluss haben. Deshalb k\u00f6nnen wir f\u00fcr diese fremden Inhalte auch keine Gew\u00e4hr \u00fcbernehmen. F\u00fcr die Inhalte der verlinkten Seiten ist stets der jeweilige Anbieter oder Betreiber der Seiten verantwortlich. Die verlinkten Seiten wurden zum Zeitpunkt der Verlinkung auf m\u00f6gliche Rechtsverst\u00f6\u00dfe \u00fcberpr\u00fcft. Rechtswidrige Inhalte waren zum Zeitpunkt der Verlinkung nicht erkennbar. Eine permanente inhaltliche Kontrolle der verlinkten Seiten ist jedoch ohne konkrete Anhaltspunkte einer Rechtsverletzung nicht zumutbar. Bei Bekanntwerden von Rechtsverletzungen werden wir derartige Links umgehend entfernen.<\/p>\n<p>Urheberrecht<\/p>\n<p>Die durch die Seitenbetreiber erstellten Inhalte und Werke auf diesen Seiten unterliegen dem deutschen Urheberrecht. Die Vervielf\u00e4ltigung, Bearbeitung, Verbreitung und jede Art der Verwertung au\u00dferhalb der Grenzen des Urheberrechtes bed\u00fcrfen der schriftlichen Zustimmung des jeweiligen Autors bzw. Erstellers. Downloads und Kopien dieser Seite sind nur f\u00fcr den privaten, nicht kommerziellen Gebrauch gestattet. Soweit die Inhalte auf dieser Seite nicht vom Betreiber erstellt wurden, werden die Urheberrechte Dritter beachtet. Insbesondere werden Inhalte Dritter als solche gekennzeichnet. Sollten Sie trotzdem auf eine Urheberrechtsverletzung aufmerksam werden, bitten wir um einen entsprechenden Hinweis. Bei Bekanntwerden von Rechtsverletzungen werden wir derartige Inhalte umgehend entfernen.<\/p>\n<p>Datenschutz<\/p>\n<p>Die Nutzung unserer Webseite ist in der Regel ohne Angabe personenbezogener Daten m\u00f6glich. Soweit auf unseren Seiten personenbezogene Daten (beispielsweise Name, Anschrift oder eMail-Adressen) erhoben werden, erfolgt dies, soweit m\u00f6glich, stets auf freiwilliger Basis. Diese Daten werden ohne Ihre ausdr\u00fcckliche Zustimmung nicht an Dritte weitergegeben.<br \/>\nWir weisen darauf hin, dass die Daten\u00fcbertragung im Internet (z.B. bei der Kommunikation per E-Mail) Sicherheitsl\u00fccken aufweisen kann. Ein l\u00fcckenloser Schutz der Daten vor dem Zugriff durch Dritte ist nicht m\u00f6glich.<br \/>\nDer Nutzung von im Rahmen der Impressumspflicht ver\u00f6ffentlichten Kontaktdaten durch Dritte zur \u00dcbersendung von nicht ausdr\u00fccklich angeforderter Werbung und Informationsmaterialien wird hiermit ausdr\u00fccklich widersprochen. Die Betreiber der Seiten behalten sich ausdr\u00fccklich rechtliche Schritte im Falle der unverlangten Zusendung von Werbeinformationen, etwa durch Spam-Mails, vor.<br \/>\nGoogle Analytics<\/p>\n<div class=\"twoclick_social_bookmarks_post_2439 social_share_privacy clearfix 1.6.4 locale-de_DE sprite-de_DE\"><\/div><div class=\"twoclick-js\"><script type=\"text\/javascript\">\/* <![CDATA[ *\/\njQuery(document).ready(function($){if($('.twoclick_social_bookmarks_post_2439')){$('.twoclick_social_bookmarks_post_2439').socialSharePrivacy({\"txt_help\":\"Wenn Sie diese Felder durch einen Klick aktivieren, werden Informationen an Facebook, Twitter, Flattr, Xing, t3n, LinkedIn, Pinterest oder Google eventuell ins Ausland \\u00fcbertragen und unter Umst\\u00e4nden auch dort gespeichert. N\\u00e4heres erfahren Sie durch einen Klick auf das <em>i<\\\/em>.\",\"settings_perma\":\"Dauerhaft aktivieren und Daten\\u00fcber-tragung zustimmen:\",\"info_link\":\"http:\\\/\\\/www.heise.de\\\/ct\\\/artikel\\\/2-Klicks-fuer-mehr-Datenschutz-1333879.html\",\"uri\":\"http:\\\/\\\/heimatverein-staebelow.de\\\/?page_id=2439\",\"post_id\":2439,\"post_title_referrer_track\":\"Impressum\",\"display_infobox\":\"on\"});}});\n\/* ]]> *\/<\/script><\/div>","protected":false},"excerpt":{"rendered":"<p>Angaben gem\u00e4\u00df \u00a7 5 TMG Vertreten durch: Heimatverein St\u00e4below e. V. Schulweg 5 18198 St\u00e4below Telefon: 038207-776512 E-Mail: heimatverein-staebelow@t-online.de Technische Umsetzung &amp; Design Rainer Zschoch Fotonachweis: Rainer Zschoch, Marcus F\u00e4hnrich Bankverbindung: Ostseesparkasse Rostock IBAN: DE61 1305 0000 0240 0012 14 SWIFT-BIC: NOLADE21ROS Urheberrecht: Die Inhalte dieser Website sind urheberrechtlich gesch\u00fctzt. Copyright: Rainer Zschoch, Marcus F\u00e4hnrich. &hellip; <a href=\"http:\/\/heimatverein-staebelow.de\/?page_id=2439\" class=\"more-link\"><span class=\"screen-reader-text\">Impressum<\/span> weiterlesen <span class=\"meta-nav\">&rarr;<\/span><\/a><\/p>\n","protected":false},"author":2,"featured_media":0,"parent":0,"menu_order":0,"comment_status":"closed","ping_status":"closed","template":"","meta":{"footnotes":""},"class_list":["post-2439","page","type-page","status-publish","hentry"],"jetpack_sharing_enabled":true,"_links":{"self":[{"href":"http:\/\/heimatverein-staebelow.de\/index.php?rest_route=\/wp\/v2\/pages\/2439","targetHints":{"allow":["GET"]}}],"collection":[{"href":"http:\/\/heimatverein-staebelow.de\/index.php?rest_route=\/wp\/v2\/pages"}],"about":[{"href":"http:\/\/heimatverein-staebelow.de\/index.php?rest_route=\/wp\/v2\/types\/page"}],"author":[{"embeddable":true,"href":"http:\/\/heimatverein-staebelow.de\/index.php?rest_route=\/wp\/v2\/users\/2"}],"replies":[{"embeddable":true,"href":"http:\/\/heimatverein-staebelow.de\/index.php?rest_route=%2Fwp%2Fv2%2Fcomments&post=2439"}],"version-history":[{"count":11,"href":"http:\/\/heimatverein-staebelow.de\/index.php?rest_route=\/wp\/v2\/pages\/2439\/revisions"}],"predecessor-version":[{"id":5685,"href":"http:\/\/heimatverein-staebelow.de\/index.php?rest_route=\/wp\/v2\/pages\/2439\/revisions\/5685"}],"wp:attachment":[{"href":"http:\/\/heimatverein-staebelow.de\/index.php?rest_route=%2Fwp%2Fv2%2Fmedia&parent=2439"}],"curies":[{"name":"wp","href":"https:\/\/api.w.org\/{rel}","templated":true}]}}